{"id":103,"date":"2016-12-13T16:39:52","date_gmt":"2016-12-13T15:39:52","guid":{"rendered":"http:\/\/www.jpime.com\/blog\/?page_id=103"},"modified":"2024-09-30T07:03:50","modified_gmt":"2024-09-30T05:03:50","slug":"pays-basque","status":"publish","type":"page","link":"https:\/\/www.jpime.com\/blog\/escapades\/pays-basque\/","title":{"rendered":"Pays Basque"},"content":{"rendered":"\t\t<div data-elementor-type=\"wp-page\" data-elementor-id=\"103\" class=\"elementor elementor-103\">\n\t\t\t\t\t\t<section class=\"elementor-section elementor-top-section elementor-element elementor-element-22b5844c elementor-section-boxed elementor-section-height-default elementor-section-height-default wpr-particle-no wpr-jarallax-no wpr-parallax-no wpr-sticky-section-no\" data-id=\"22b5844c\" data-element_type=\"section\" data-e-type=\"section\">\n\t\t\t\t\t\t<div class=\"elementor-container elementor-column-gap-default\">\n\t\t\t\t\t<div class=\"elementor-column elementor-col-100 elementor-top-column elementor-element elementor-element-48285887\" data-id=\"48285887\" data-element_type=\"column\" data-e-type=\"column\">\n\t\t\t<div class=\"elementor-widget-wrap elementor-element-populated\">\n\t\t\t\t\t\t<div class=\"elementor-element elementor-element-f349f3b elementor-widget elementor-widget-text-editor\" data-id=\"f349f3b\" data-element_type=\"widget\" data-e-type=\"widget\" data-widget_type=\"text-editor.default\">\n\t\t\t\t<div class=\"elementor-widget-container\">\n\t\t\t\t\t\t\t\t\t<p>Belle randonn\u00e9e, d\u2019hiver comme en \u00e9t\u00e9, au bord de mer comme \u00e0 la montagne.<\/p><p>Air pur, sapins, loin du bruit et pollution Toulousaine ou Parisienne, quelques jours d\u2019oxig\u00e9nation font du bien.<\/p><p>En plus on oublie l\u2019actualit\u00e9 pendant quelques jours.<br \/><strong><br \/>Vue panoramique sur Ciboure et Saint Jean de Luz depuis le musee LE I HORRA. Architecture Art D\u00e9co des ann\u00e9es folles.<\/strong><\/p><p><blockquote class=\"wp-embedded-content\" data-secret=\"CwxvJOo2Ue\"><a href=\"https:\/\/www.jpime.com\/jp\/gallery-2\/page-exemple\/\">Pays Basque<\/a><\/blockquote><iframe class=\"wp-embedded-content\" sandbox=\"allow-scripts\" security=\"restricted\" style=\"position: absolute; visibility: hidden;\" title=\"\u00ab\u00a0Pays Basque\u00a0\u00bb &#8212; IMAGe @ in\" src=\"https:\/\/www.jpime.com\/jp\/gallery-2\/page-exemple\/embed\/#?secret=riEzW2NoG7#?secret=CwxvJOo2Ue\" data-secret=\"CwxvJOo2Ue\" width=\"600\" height=\"338\" frameborder=\"0\" marginwidth=\"0\" marginheight=\"0\" scrolling=\"no\"><\/iframe><\/p><p>\u00a0<\/p><p>\u00a0<\/p><p>\u00a0<\/p>\t\t\t\t\t\t\t\t<\/div>\n\t\t\t\t<\/div>\n\t\t\t\t\t<\/div>\n\t\t<\/div>\n\t\t\t\t\t<\/div>\n\t\t<\/section>\n\t\t\t\t<\/div>\n\t\t","protected":false},"excerpt":{"rendered":"<p>Belle randonn\u00e9e, d\u2019hiver comme en \u00e9t\u00e9, au bord de mer comme \u00e0 la montagne. Air pur, sapins, loin du bruit et pollution Toulousaine ou Parisienne, quelques jours d\u2019oxig\u00e9nation font du bien. En plus on oublie l\u2019actualit\u00e9 pendant quelques jours.Vue panoramique sur Ciboure et Saint Jean de Luz depuis le musee LE I HORRA. Architecture Art D\u00e9co des ann\u00e9es folles. Pays Basque \u00a0 \u00a0 \u00a0<\/p>\n","protected":false},"author":1,"featured_media":105,"parent":120,"menu_order":10,"comment_status":"closed","ping_status":"closed","template":"","meta":{"footnotes":""},"class_list":["post-103","page","type-page","status-publish","has-post-thumbnail","hentry"],"_links":{"self":[{"href":"https:\/\/www.jpime.com\/blog\/wp-json\/wp\/v2\/pages\/103","targetHints":{"allow":["GET"]}}],"collection":[{"href":"https:\/\/www.jpime.com\/blog\/wp-json\/wp\/v2\/pages"}],"about":[{"href":"https:\/\/www.jpime.com\/blog\/wp-json\/wp\/v2\/types\/page"}],"author":[{"embeddable":true,"href":"https:\/\/www.jpime.com\/blog\/wp-json\/wp\/v2\/users\/1"}],"replies":[{"embeddable":true,"href":"https:\/\/www.jpime.com\/blog\/wp-json\/wp\/v2\/comments?post=103"}],"version-history":[{"count":5,"href":"https:\/\/www.jpime.com\/blog\/wp-json\/wp\/v2\/pages\/103\/revisions"}],"predecessor-version":[{"id":7996,"href":"https:\/\/www.jpime.com\/blog\/wp-json\/wp\/v2\/pages\/103\/revisions\/7996"}],"up":[{"embeddable":true,"href":"https:\/\/www.jpime.com\/blog\/wp-json\/wp\/v2\/pages\/120"}],"wp:featuredmedia":[{"embeddable":true,"href":"https:\/\/www.jpime.com\/blog\/wp-json\/wp\/v2\/media\/105"}],"wp:attachment":[{"href":"https:\/\/www.jpime.com\/blog\/wp-json\/wp\/v2\/media?parent=103"}],"curies":[{"name":"wp","href":"https:\/\/api.w.org\/{rel}","templated":true}]}}