{"id":39,"date":"2016-12-13T15:29:21","date_gmt":"2016-12-13T14:29:21","guid":{"rendered":"http:\/\/www.jpime.com\/blog\/?page_id=39"},"modified":"2023-08-20T14:19:37","modified_gmt":"2023-08-20T12:19:37","slug":"vallee-du-douro","status":"publish","type":"page","link":"https:\/\/www.jpime.com\/blog\/escapades\/vallee-du-douro\/","title":{"rendered":"Vall\u00e9e du Douro"},"content":{"rendered":"\t\t<div data-elementor-type=\"wp-page\" data-elementor-id=\"39\" class=\"elementor elementor-39\">\n\t\t\t\t\t\t<section class=\"elementor-section elementor-top-section elementor-element elementor-element-36a2f21 elementor-section-boxed elementor-section-height-default elementor-section-height-default wpr-particle-no wpr-jarallax-no wpr-parallax-no wpr-sticky-section-no\" data-id=\"36a2f21\" data-element_type=\"section\" data-e-type=\"section\">\n\t\t\t\t\t\t<div class=\"elementor-container elementor-column-gap-default\">\n\t\t\t\t\t<div class=\"elementor-column elementor-col-100 elementor-top-column elementor-element elementor-element-d6c4ba8\" data-id=\"d6c4ba8\" data-element_type=\"column\" data-e-type=\"column\">\n\t\t\t<div class=\"elementor-widget-wrap elementor-element-populated\">\n\t\t\t\t\t\t<div class=\"elementor-element elementor-element-5b7a1e3 elementor-widget elementor-widget-spacer\" data-id=\"5b7a1e3\" data-element_type=\"widget\" data-e-type=\"widget\" data-widget_type=\"spacer.default\">\n\t\t\t\t<div class=\"elementor-widget-container\">\n\t\t\t\t\t\t\t<div class=\"elementor-spacer\">\n\t\t\t<div class=\"elementor-spacer-inner\"><\/div>\n\t\t<\/div>\n\t\t\t\t\t\t<\/div>\n\t\t\t\t<\/div>\n\t\t\t\t\t<\/div>\n\t\t<\/div>\n\t\t\t\t\t<\/div>\n\t\t<\/section>\n\t\t\t\t<section class=\"elementor-section elementor-top-section elementor-element elementor-element-b1da806 elementor-section-boxed elementor-section-height-default elementor-section-height-default wpr-particle-no wpr-jarallax-no wpr-parallax-no wpr-sticky-section-no\" data-id=\"b1da806\" data-element_type=\"section\" data-e-type=\"section\">\n\t\t\t\t\t\t<div class=\"elementor-container elementor-column-gap-default\">\n\t\t\t\t\t<div class=\"elementor-column elementor-col-33 elementor-top-column elementor-element elementor-element-8fb2847\" data-id=\"8fb2847\" data-element_type=\"column\" data-e-type=\"column\">\n\t\t\t<div class=\"elementor-widget-wrap elementor-element-populated\">\n\t\t\t\t\t\t<div class=\"elementor-element elementor-element-c53b196 elementor-widget elementor-widget-text-editor\" data-id=\"c53b196\" data-element_type=\"widget\" data-e-type=\"widget\" data-widget_type=\"text-editor.default\">\n\t\t\t\t<div class=\"elementor-widget-container\">\n\t\t\t\t\t\t\t\t\t<h4><strong>R\u00e9gion viticole du Haut-Douro<\/strong><\/h4><p>\u00a0<\/p><p>Le Haut-Douro produit du vin depuis quelque deux mille ans et sa principale production, le vin de Porto, est c\u00e9l\u00e8bre dans le monde entier depuis le XVIIIe si\u00e8cle. Cette longue tradition a fa\u00e7onn\u00e9 un paysage culturel d\u2019une beaut\u00e9 exceptionnelle qui refl\u00e8te en m\u00eame temps son \u00e9volution technique, sociale et \u00e9conomique. Ce paysage culturel impressionnant est toujours exploit\u00e9 avec profit par des propri\u00e9taires respectueux des traditions.<\/p><p>La r\u00e9gion du Haut-Douro produit du vin depuis bient\u00f4t 2000 ans et son paysage a \u00e9t\u00e9 fa\u00e7onn\u00e9 par les activit\u00e9s humaines.<\/p>\t\t\t\t\t\t\t\t<\/div>\n\t\t\t\t<\/div>\n\t\t\t\t\t<\/div>\n\t\t<\/div>\n\t\t\t\t<div class=\"elementor-column elementor-col-66 elementor-top-column elementor-element elementor-element-650c179\" data-id=\"650c179\" data-element_type=\"column\" data-e-type=\"column\">\n\t\t\t<div class=\"elementor-widget-wrap elementor-element-populated\">\n\t\t\t\t\t\t<div class=\"elementor-element elementor-element-970ae7a elementor-widget elementor-widget-video\" data-id=\"970ae7a\" data-element_type=\"widget\" data-e-type=\"widget\" data-settings=\"{&quot;video_type&quot;:&quot;hosted&quot;,&quot;controls&quot;:&quot;yes&quot;}\" data-widget_type=\"video.default\">\n\t\t\t\t<div class=\"elementor-widget-container\">\n\t\t\t\t\t\t\t<div class=\"e-hosted-video elementor-wrapper elementor-open-inline\">\n\t\t\t\t\t<video class=\"elementor-video\" src=\"https:\/\/www.jpime.com\/blog\/wp-content\/uploads\/2016\/12\/Douro.mp4\" controls=\"\" preload=\"metadata\" controlsList=\"nodownload\"><\/video>\n\t\t\t\t<\/div>\n\t\t\t\t\t\t<\/div>\n\t\t\t\t<\/div>\n\t\t\t\t\t<\/div>\n\t\t<\/div>\n\t\t\t\t\t<\/div>\n\t\t<\/section>\n\t\t\t\t<section class=\"elementor-section elementor-top-section elementor-element elementor-element-798a540 elementor-section-boxed elementor-section-height-default elementor-section-height-default wpr-particle-no wpr-jarallax-no wpr-parallax-no wpr-sticky-section-no\" data-id=\"798a540\" data-element_type=\"section\" data-e-type=\"section\">\n\t\t\t\t\t\t<div class=\"elementor-container elementor-column-gap-default\">\n\t\t\t\t\t<div class=\"elementor-column elementor-col-100 elementor-top-column elementor-element elementor-element-557c3e5\" data-id=\"557c3e5\" data-element_type=\"column\" data-e-type=\"column\">\n\t\t\t<div class=\"elementor-widget-wrap elementor-element-populated\">\n\t\t\t\t\t\t<div class=\"elementor-element elementor-element-0c7adb9 elementor-widget elementor-widget-spacer\" data-id=\"0c7adb9\" data-element_type=\"widget\" data-e-type=\"widget\" data-widget_type=\"spacer.default\">\n\t\t\t\t<div class=\"elementor-widget-container\">\n\t\t\t\t\t\t\t<div class=\"elementor-spacer\">\n\t\t\t<div class=\"elementor-spacer-inner\"><\/div>\n\t\t<\/div>\n\t\t\t\t\t\t<\/div>\n\t\t\t\t<\/div>\n\t\t\t\t\t<\/div>\n\t\t<\/div>\n\t\t\t\t\t<\/div>\n\t\t<\/section>\n\t\t\t\t<section class=\"elementor-section elementor-top-section elementor-element elementor-element-2e7c332 elementor-section-boxed elementor-section-height-default elementor-section-height-default wpr-particle-no wpr-jarallax-no wpr-parallax-no wpr-sticky-section-no\" data-id=\"2e7c332\" data-element_type=\"section\" data-e-type=\"section\">\n\t\t\t\t\t\t<div class=\"elementor-container elementor-column-gap-default\">\n\t\t\t\t\t<div class=\"elementor-column elementor-col-100 elementor-top-column elementor-element elementor-element-7cf1557\" data-id=\"7cf1557\" data-element_type=\"column\" data-e-type=\"column\">\n\t\t\t<div class=\"elementor-widget-wrap elementor-element-populated\">\n\t\t\t\t\t\t<div class=\"elementor-element elementor-element-1ad9c29 elementor-widget elementor-widget-text-editor\" data-id=\"1ad9c29\" data-element_type=\"widget\" data-e-type=\"widget\" data-widget_type=\"text-editor.default\">\n\t\t\t\t<div class=\"elementor-widget-container\">\n\t\t\t\t\t\t\t\t\t<p>Les composants du paysage du Haut-Douro illustrent toute la palette des activit\u00e9s associ\u00e9es \u00e0 la viticulture \u2013 terrasses, quintas (complexes agricoles d\u2019\u00e9levage viticole), villages, chapelles et routes.<br \/>Le paysage culturel du Haut-Douro est un exemple exceptionnel de r\u00e9gion viticole europ\u00e9enne traditionnelle, reflet de l\u2019\u00e9volution de cette activit\u00e9 humaine au fil du temps.<\/p>\t\t\t\t\t\t\t\t<\/div>\n\t\t\t\t<\/div>\n\t\t\t\t\t<\/div>\n\t\t<\/div>\n\t\t\t\t\t<\/div>\n\t\t<\/section>\n\t\t\t\t<section class=\"elementor-section elementor-top-section elementor-element elementor-element-9f93e8c elementor-section-boxed elementor-section-height-default elementor-section-height-default wpr-particle-no wpr-jarallax-no wpr-parallax-no wpr-sticky-section-no\" data-id=\"9f93e8c\" data-element_type=\"section\" data-e-type=\"section\">\n\t\t\t\t\t\t<div class=\"elementor-container elementor-column-gap-default\">\n\t\t\t\t\t<div class=\"elementor-column elementor-col-100 elementor-top-column elementor-element elementor-element-7c036bf\" data-id=\"7c036bf\" data-element_type=\"column\" data-e-type=\"column\">\n\t\t\t<div class=\"elementor-widget-wrap elementor-element-populated\">\n\t\t\t\t\t\t<div class=\"elementor-element elementor-element-8fc05ef elementor-widget elementor-widget-spacer\" data-id=\"8fc05ef\" data-element_type=\"widget\" data-e-type=\"widget\" data-widget_type=\"spacer.default\">\n\t\t\t\t<div class=\"elementor-widget-container\">\n\t\t\t\t\t\t\t<div class=\"elementor-spacer\">\n\t\t\t<div class=\"elementor-spacer-inner\"><\/div>\n\t\t<\/div>\n\t\t\t\t\t\t<\/div>\n\t\t\t\t<\/div>\n\t\t\t\t\t<\/div>\n\t\t<\/div>\n\t\t\t\t\t<\/div>\n\t\t<\/section>\n\t\t\t\t<section class=\"elementor-section elementor-top-section elementor-element elementor-element-9e8d360 elementor-section-boxed elementor-section-height-default elementor-section-height-default wpr-particle-no wpr-jarallax-no wpr-parallax-no wpr-sticky-section-no\" data-id=\"9e8d360\" data-element_type=\"section\" data-e-type=\"section\">\n\t\t\t\t\t\t<div class=\"elementor-container elementor-column-gap-default\">\n\t\t\t\t\t<div class=\"elementor-column elementor-col-100 elementor-top-column elementor-element elementor-element-3512a94\" data-id=\"3512a94\" data-element_type=\"column\" data-e-type=\"column\">\n\t\t\t<div class=\"elementor-widget-wrap elementor-element-populated\">\n\t\t\t\t\t\t<div class=\"elementor-element elementor-element-7b58362 elementor-arrows-position-inside elementor-pagination-position-outside elementor-widget elementor-widget-image-carousel\" data-id=\"7b58362\" data-element_type=\"widget\" data-e-type=\"widget\" data-settings=\"{&quot;navigation&quot;:&quot;both&quot;,&quot;autoplay&quot;:&quot;yes&quot;,&quot;pause_on_hover&quot;:&quot;yes&quot;,&quot;pause_on_interaction&quot;:&quot;yes&quot;,&quot;autoplay_speed&quot;:5000,&quot;infinite&quot;:&quot;yes&quot;,&quot;speed&quot;:500}\" data-widget_type=\"image-carousel.default\">\n\t\t\t\t<div class=\"elementor-widget-container\">\n\t\t\t\t\t\t\t<div class=\"elementor-image-carousel-wrapper swiper\" role=\"region\" aria-roledescription=\"carousel\" aria-label=\"Carrousel d\u2019images\" dir=\"ltr\">\n\t\t\t<div class=\"elementor-image-carousel swiper-wrapper\" aria-live=\"off\">\n\t\t\t\t\t\t\t\t<div class=\"swiper-slide\" role=\"group\" aria-roledescription=\"slide\" aria-label=\"1 sur 11\"><a data-elementor-open-lightbox=\"yes\" data-elementor-lightbox-slideshow=\"7b58362\" data-elementor-lightbox-title=\"Quinta do Alto Douro\" data-e-action-hash=\"#elementor-action%3Aaction%3Dlightbox%26settings%3DeyJpZCI6MTM1OCwidXJsIjoiaHR0cHM6XC9cL3d3dy5qcGltZS5jb21cL2Jsb2dcL3dwLWNvbnRlbnRcL3VwbG9hZHNcLzIwMjBcLzEwXC9EU0NfNzY2MS5qcGciLCJzbGlkZXNob3ciOiI3YjU4MzYyIn0%3D\" href=\"https:\/\/www.jpime.com\/blog\/wp-content\/uploads\/2020\/10\/DSC_7661.jpg\"><figure class=\"swiper-slide-inner\"><img decoding=\"async\" class=\"swiper-slide-image\" src=\"https:\/\/www.jpime.com\/blog\/wp-content\/uploads\/elementor\/thumbs\/DSC_7661-qtvfctah8nvepal94d8qso2u4o8roj1192i602nz34.jpg\" alt=\"Fa\u00e7ade Sud\" \/><\/figure><\/a><\/div><div class=\"swiper-slide\" role=\"group\" aria-roledescription=\"slide\" aria-label=\"2 sur 11\"><a data-elementor-open-lightbox=\"yes\" data-elementor-lightbox-slideshow=\"7b58362\" data-elementor-lightbox-title=\"Quinta\" data-e-action-hash=\"#elementor-action%3Aaction%3Dlightbox%26settings%3DeyJpZCI6MTQyNCwidXJsIjoiaHR0cHM6XC9cL3d3dy5qcGltZS5jb21cL2Jsb2dcL3dwLWNvbnRlbnRcL3VwbG9hZHNcLzIwMjBcLzEwXC9EU0NfNzYyNS0xLmpwZyIsInNsaWRlc2hvdyI6IjdiNTgzNjIifQ%3D%3D\" href=\"https:\/\/www.jpime.com\/blog\/wp-content\/uploads\/2020\/10\/DSC_7625-1.jpg\"><figure class=\"swiper-slide-inner\"><img decoding=\"async\" class=\"swiper-slide-image\" src=\"https:\/\/www.jpime.com\/blog\/wp-content\/uploads\/elementor\/thumbs\/DSC_7625-1-qtvfcresuzsu22nzfcfhnojwxwi194tkkt771iqrfk.jpg\" alt=\"Ensemble immobilier\" \/><\/figure><\/a><\/div><div class=\"swiper-slide\" role=\"group\" aria-roledescription=\"slide\" aria-label=\"3 sur 11\"><a data-elementor-open-lightbox=\"yes\" data-elementor-lightbox-slideshow=\"7b58362\" data-elementor-lightbox-title=\"Quinta do Alto Douro\" data-e-action-hash=\"#elementor-action%3Aaction%3Dlightbox%26settings%3DeyJpZCI6MTM2MCwidXJsIjoiaHR0cHM6XC9cL3d3dy5qcGltZS5jb21cL2Jsb2dcL3dwLWNvbnRlbnRcL3VwbG9hZHNcLzIwMjBcLzEwXC9EU0NfNzY2My5qcGciLCJzbGlkZXNob3ciOiI3YjU4MzYyIn0%3D\" href=\"https:\/\/www.jpime.com\/blog\/wp-content\/uploads\/2020\/10\/DSC_7663.jpg\"><figure class=\"swiper-slide-inner\"><img decoding=\"async\" class=\"swiper-slide-image\" src=\"https:\/\/www.jpime.com\/blog\/wp-content\/uploads\/elementor\/thumbs\/DSC_7663-qtvfctah8nvepal94d8qso2u4o8roj1192i602nz34.jpg\" alt=\"Sources d&#039;eau, ancien lavoir\" \/><\/figure><\/a><\/div><div class=\"swiper-slide\" role=\"group\" aria-roledescription=\"slide\" aria-label=\"4 sur 11\"><a data-elementor-open-lightbox=\"yes\" data-elementor-lightbox-slideshow=\"7b58362\" data-elementor-lightbox-title=\"Quinta do Alto Douro\" data-e-action-hash=\"#elementor-action%3Aaction%3Dlightbox%26settings%3DeyJpZCI6MTMyMiwidXJsIjoiaHR0cHM6XC9cL3d3dy5qcGltZS5jb21cL2Jsb2dcL3dwLWNvbnRlbnRcL3VwbG9hZHNcLzIwMjBcLzEwXC9EU0NfNzYyMC5qcGciLCJzbGlkZXNob3ciOiI3YjU4MzYyIn0%3D\" href=\"https:\/\/www.jpime.com\/blog\/wp-content\/uploads\/2020\/10\/DSC_7620.jpg\"><figure class=\"swiper-slide-inner\"><img decoding=\"async\" class=\"swiper-slide-image\" src=\"https:\/\/www.jpime.com\/blog\/wp-content\/uploads\/elementor\/thumbs\/DSC_7620-qtvfcresuzsu22nzfcfhnojwxwi194tkkt771iqrfk.jpg\" alt=\"Quinta do Alto Douro\" \/><\/figure><\/a><\/div><div class=\"swiper-slide\" role=\"group\" aria-roledescription=\"slide\" aria-label=\"5 sur 11\"><a data-elementor-open-lightbox=\"yes\" data-elementor-lightbox-slideshow=\"7b58362\" data-elementor-lightbox-title=\"Quinta do Alto Douro\" data-e-action-hash=\"#elementor-action%3Aaction%3Dlightbox%26settings%3DeyJpZCI6MTQzNCwidXJsIjoiaHR0cHM6XC9cL3d3dy5qcGltZS5jb21cL2Jsb2dcL3dwLWNvbnRlbnRcL3VwbG9hZHNcLzIwMjBcLzEwXC9EU0NfNzYzNS0xLmpwZyIsInNsaWRlc2hvdyI6IjdiNTgzNjIifQ%3D%3D\" href=\"https:\/\/www.jpime.com\/blog\/wp-content\/uploads\/2020\/10\/DSC_7635-1.jpg\"><figure class=\"swiper-slide-inner\"><img decoding=\"async\" class=\"swiper-slide-image\" src=\"https:\/\/www.jpime.com\/blog\/wp-content\/uploads\/elementor\/thumbs\/DSC_7635-1-qtvfcscn1tu4domm9uu486bdjadegtxawxuoispd9c.jpg\" alt=\"Habitation anexe\" \/><\/figure><\/a><\/div><div class=\"swiper-slide\" role=\"group\" aria-roledescription=\"slide\" aria-label=\"6 sur 11\"><a data-elementor-open-lightbox=\"yes\" data-elementor-lightbox-slideshow=\"7b58362\" data-elementor-lightbox-title=\"Quinta do Alto Douro\" data-e-action-hash=\"#elementor-action%3Aaction%3Dlightbox%26settings%3DeyJpZCI6MTMyNCwidXJsIjoiaHR0cHM6XC9cL3d3dy5qcGltZS5jb21cL2Jsb2dcL3dwLWNvbnRlbnRcL3VwbG9hZHNcLzIwMjBcLzEwXC9EU0NfNzYyMi5qcGciLCJzbGlkZXNob3ciOiI3YjU4MzYyIn0%3D\" href=\"https:\/\/www.jpime.com\/blog\/wp-content\/uploads\/2020\/10\/DSC_7622.jpg\"><figure class=\"swiper-slide-inner\"><img decoding=\"async\" class=\"swiper-slide-image\" src=\"https:\/\/www.jpime.com\/blog\/wp-content\/uploads\/elementor\/thumbs\/DSC_7622-qtvfcresuzsu22nzfcfhnojwxwi194tkkt771iqrfk.jpg\" alt=\"Quinta do Alto Douro\" \/><\/figure><\/a><\/div><div class=\"swiper-slide\" role=\"group\" aria-roledescription=\"slide\" aria-label=\"7 sur 11\"><a data-elementor-open-lightbox=\"yes\" data-elementor-lightbox-slideshow=\"7b58362\" data-elementor-lightbox-title=\"Quinta do Alto Douro\" data-e-action-hash=\"#elementor-action%3Aaction%3Dlightbox%26settings%3DeyJpZCI6MTMyMywidXJsIjoiaHR0cHM6XC9cL3d3dy5qcGltZS5jb21cL2Jsb2dcL3dwLWNvbnRlbnRcL3VwbG9hZHNcLzIwMjBcLzEwXC9EU0NfNzYyMS5qcGciLCJzbGlkZXNob3ciOiI3YjU4MzYyIn0%3D\" href=\"https:\/\/www.jpime.com\/blog\/wp-content\/uploads\/2020\/10\/DSC_7621.jpg\"><figure class=\"swiper-slide-inner\"><img decoding=\"async\" class=\"swiper-slide-image\" src=\"https:\/\/www.jpime.com\/blog\/wp-content\/uploads\/elementor\/thumbs\/DSC_7621-qtvfcresuzsu22nzfcfhnojwxwi194tkkt771iqrfk.jpg\" alt=\"Quinta do Alto Douro\" \/><\/figure><\/a><\/div><div class=\"swiper-slide\" role=\"group\" aria-roledescription=\"slide\" aria-label=\"8 sur 11\"><a data-elementor-open-lightbox=\"yes\" data-elementor-lightbox-slideshow=\"7b58362\" data-elementor-lightbox-title=\"Vendanges\" data-e-action-hash=\"#elementor-action%3Aaction%3Dlightbox%26settings%3DeyJpZCI6MTQ4NiwidXJsIjoiaHR0cHM6XC9cL3d3dy5qcGltZS5jb21cL2Jsb2dcL3dwLWNvbnRlbnRcL3VwbG9hZHNcLzIwMjBcLzEwXC92aWduaGEyLmpwZyIsInNsaWRlc2hvdyI6IjdiNTgzNjIifQ%3D%3D\" href=\"https:\/\/www.jpime.com\/blog\/wp-content\/uploads\/2020\/10\/vignha2.jpg\"><figure class=\"swiper-slide-inner\"><img decoding=\"async\" class=\"swiper-slide-image\" src=\"https:\/\/www.jpime.com\/blog\/wp-content\/uploads\/elementor\/thumbs\/vignha2-qtvfctah8nvepal94d8qso2u4o8roj1192i602nz34.jpg\" alt=\"Quinta do Alto Douro\" \/><\/figure><\/a><\/div><div class=\"swiper-slide\" role=\"group\" aria-roledescription=\"slide\" aria-label=\"9 sur 11\"><a data-elementor-open-lightbox=\"yes\" data-elementor-lightbox-slideshow=\"7b58362\" data-elementor-lightbox-title=\"Tonel de 10.000l environs\" data-e-action-hash=\"#elementor-action%3Aaction%3Dlightbox%26settings%3DeyJpZCI6MTM1MywidXJsIjoiaHR0cHM6XC9cL3d3dy5qcGltZS5jb21cL2Jsb2dcL3dwLWNvbnRlbnRcL3VwbG9hZHNcLzIwMjBcLzEwXC9EU0NfNzY1Ni5qcGciLCJzbGlkZXNob3ciOiI3YjU4MzYyIn0%3D\" href=\"https:\/\/www.jpime.com\/blog\/wp-content\/uploads\/2020\/10\/DSC_7656.jpg\"><figure class=\"swiper-slide-inner\"><img decoding=\"async\" class=\"swiper-slide-image\" src=\"https:\/\/www.jpime.com\/blog\/wp-content\/uploads\/elementor\/thumbs\/DSC_7656-qtvfctah8nvepal94d8qso2u4o8roj1192i602nz34.jpg\" alt=\"Tonel de 10.000l environs\" \/><\/figure><\/a><\/div><div class=\"swiper-slide\" role=\"group\" aria-roledescription=\"slide\" aria-label=\"10 sur 11\"><a data-elementor-open-lightbox=\"yes\" data-elementor-lightbox-slideshow=\"7b58362\" data-elementor-lightbox-title=\"Cave\" data-e-action-hash=\"#elementor-action%3Aaction%3Dlightbox%26settings%3DeyJpZCI6MTM1MiwidXJsIjoiaHR0cHM6XC9cL3d3dy5qcGltZS5jb21cL2Jsb2dcL3dwLWNvbnRlbnRcL3VwbG9hZHNcLzIwMjBcLzEwXC9EU0NfNzY1NS5qcGciLCJzbGlkZXNob3ciOiI3YjU4MzYyIn0%3D\" href=\"https:\/\/www.jpime.com\/blog\/wp-content\/uploads\/2020\/10\/DSC_7655.jpg\"><figure class=\"swiper-slide-inner\"><img decoding=\"async\" class=\"swiper-slide-image\" src=\"https:\/\/www.jpime.com\/blog\/wp-content\/uploads\/elementor\/thumbs\/DSC_7655-qtvfctah8nvepal94d8qso2u4o8roj1192i602nz34.jpg\" alt=\"Tonel de 10.000L environs\" \/><\/figure><\/a><\/div><div class=\"swiper-slide\" role=\"group\" aria-roledescription=\"slide\" aria-label=\"11 sur 11\"><a data-elementor-open-lightbox=\"yes\" data-elementor-lightbox-slideshow=\"7b58362\" data-elementor-lightbox-title=\"Cave\" data-e-action-hash=\"#elementor-action%3Aaction%3Dlightbox%26settings%3DeyJpZCI6MTM1MSwidXJsIjoiaHR0cHM6XC9cL3d3dy5qcGltZS5jb21cL2Jsb2dcL3dwLWNvbnRlbnRcL3VwbG9hZHNcLzIwMjBcLzEwXC9EU0NfNzY1NC5qcGciLCJzbGlkZXNob3ciOiI3YjU4MzYyIn0%3D\" href=\"https:\/\/www.jpime.com\/blog\/wp-content\/uploads\/2020\/10\/DSC_7654.jpg\"><figure class=\"swiper-slide-inner\"><img decoding=\"async\" class=\"swiper-slide-image\" src=\"https:\/\/www.jpime.com\/blog\/wp-content\/uploads\/elementor\/thumbs\/DSC_7654-qtvfctah8nvepal94d8qso2u4o8roj1192i602nz34.jpg\" alt=\"Tonel de 10.000L environs\" \/><\/figure><\/a><\/div>\t\t\t<\/div>\n\t\t\t\t\t\t\t\t\t\t\t\t<div class=\"elementor-swiper-button elementor-swiper-button-prev\" role=\"button\" tabindex=\"0\">\n\t\t\t\t\t\t<i aria-hidden=\"true\" class=\"eicon-chevron-left\"><\/i>\t\t\t\t\t<\/div>\n\t\t\t\t\t<div class=\"elementor-swiper-button elementor-swiper-button-next\" role=\"button\" tabindex=\"0\">\n\t\t\t\t\t\t<i aria-hidden=\"true\" class=\"eicon-chevron-right\"><\/i>\t\t\t\t\t<\/div>\n\t\t\t\t\n\t\t\t\t\t\t\t\t\t<div class=\"swiper-pagination\"><\/div>\n\t\t\t\t\t\t\t\t\t<\/div>\n\t\t\t\t\t\t<\/div>\n\t\t\t\t<\/div>\n\t\t\t\t\t<\/div>\n\t\t<\/div>\n\t\t\t\t\t<\/div>\n\t\t<\/section>\n\t\t\t\t<\/div>\n\t\t","protected":false},"excerpt":{"rendered":"<p>R\u00e9gion viticole du Haut-Douro \u00a0 Le Haut-Douro produit du vin depuis quelque deux mille ans et sa principale production, le vin de Porto, est c\u00e9l\u00e8bre dans le monde entier depuis le XVIIIe si\u00e8cle. Cette longue tradition a fa\u00e7onn\u00e9 un paysage culturel d\u2019une beaut\u00e9 exceptionnelle qui refl\u00e8te en m\u00eame temps son \u00e9volution technique, sociale et \u00e9conomique. Ce paysage culturel impressionnant est toujours exploit\u00e9 avec profit par des propri\u00e9taires respectueux des traditions. La r\u00e9gion du Haut-Douro produit du vin depuis bient\u00f4t 2000 ans et son paysage a \u00e9t\u00e9 fa\u00e7onn\u00e9 par les activit\u00e9s humaines. https:\/\/www.jpime.com\/blog\/wp-content\/uploads\/2016\/12\/Douro.mp4 Les composants du paysage du Haut-Douro illustrent toute la palette des activit\u00e9s associ\u00e9es \u00e0 la viticulture \u2013 terrasses, quintas (complexes agricoles d\u2019\u00e9levage viticole), villages, chapelles et routes.Le paysage culturel du Haut-Douro est un exemple exceptionnel de r\u00e9gion viticole europ\u00e9enne traditionnelle, reflet de l\u2019\u00e9volution de cette activit\u00e9 humaine au fil du temps.<\/p>\n","protected":false},"author":1,"featured_media":42,"parent":120,"menu_order":3,"comment_status":"closed","ping_status":"closed","template":"","meta":{"footnotes":""},"class_list":["post-39","page","type-page","status-publish","has-post-thumbnail","hentry"],"_links":{"self":[{"href":"https:\/\/www.jpime.com\/blog\/wp-json\/wp\/v2\/pages\/39","targetHints":{"allow":["GET"]}}],"collection":[{"href":"https:\/\/www.jpime.com\/blog\/wp-json\/wp\/v2\/pages"}],"about":[{"href":"https:\/\/www.jpime.com\/blog\/wp-json\/wp\/v2\/types\/page"}],"author":[{"embeddable":true,"href":"https:\/\/www.jpime.com\/blog\/wp-json\/wp\/v2\/users\/1"}],"replies":[{"embeddable":true,"href":"https:\/\/www.jpime.com\/blog\/wp-json\/wp\/v2\/comments?post=39"}],"version-history":[{"count":40,"href":"https:\/\/www.jpime.com\/blog\/wp-json\/wp\/v2\/pages\/39\/revisions"}],"predecessor-version":[{"id":6396,"href":"https:\/\/www.jpime.com\/blog\/wp-json\/wp\/v2\/pages\/39\/revisions\/6396"}],"up":[{"embeddable":true,"href":"https:\/\/www.jpime.com\/blog\/wp-json\/wp\/v2\/pages\/120"}],"wp:featuredmedia":[{"embeddable":true,"href":"https:\/\/www.jpime.com\/blog\/wp-json\/wp\/v2\/media\/42"}],"wp:attachment":[{"href":"https:\/\/www.jpime.com\/blog\/wp-json\/wp\/v2\/media?parent=39"}],"curies":[{"name":"wp","href":"https:\/\/api.w.org\/{rel}","templated":true}]}}