{"id":98,"date":"2016-12-13T16:36:14","date_gmt":"2016-12-13T15:36:14","guid":{"rendered":"http:\/\/www.jpime.com\/blog\/?page_id=98"},"modified":"2016-12-13T17:08:49","modified_gmt":"2016-12-13T16:08:49","slug":"guzet-neige","status":"publish","type":"page","link":"https:\/\/www.jpime.com\/blog\/escapades\/guzet-neige\/","title":{"rendered":"Guzet Neige"},"content":{"rendered":"<p>Une petite Station Pyr\u00e9n\u00e9enne, familiale, conviviale, ou l\u2019urbanisme est \u00e0 dimension humaine, c\u2019est \u00e0 dire, presque pas de b\u00e9ton.<br \/>\nLes villages constitu\u00e9s de chalets s\u2019int\u00e8grent parfaitement dans le paysage de mani\u00e8re harmonieuse et discrete.<br \/>\nA d\u00e9couvrir.<\/p>\n<p>Janvier 2016<\/p>\n<div style=\"width: 1120px;\" class=\"wp-video\"><video class=\"wp-video-shortcode\" id=\"video-98-1\" width=\"1120\" height=\"630\" preload=\"metadata\" controls=\"controls\"><source type=\"video\/mp4\" src=\"http:\/\/www.jpime.com\/blog\/wp-content\/uploads\/2016\/12\/Guezet.mp4?_=1\" \/><a href=\"http:\/\/www.jpime.com\/blog\/wp-content\/uploads\/2016\/12\/Guezet.mp4\">http:\/\/www.jpime.com\/blog\/wp-content\/uploads\/2016\/12\/Guezet.mp4<\/a><\/video><\/div>\n<p>&nbsp;<\/p>\n<p><strong><code>[wowslider id=\"7\"]<\/code><\/strong><\/p>\n","protected":false},"excerpt":{"rendered":"<p>Une petite Station Pyr\u00e9n\u00e9enne, familiale, conviviale, ou l\u2019urbanisme est \u00e0 dimension humaine, c\u2019est \u00e0 dire, presque pas de b\u00e9ton. Les villages constitu\u00e9s de chalets s\u2019int\u00e8grent parfaitement dans le paysage de mani\u00e8re harmonieuse et discrete. A d\u00e9couvrir. Janvier 2016 &nbsp; [wowslider id=\u00a0\u00bb7&Prime;]<\/p>\n","protected":false},"author":1,"featured_media":101,"parent":120,"menu_order":8,"comment_status":"closed","ping_status":"closed","template":"","meta":{"footnotes":""},"class_list":["post-98","page","type-page","status-publish","has-post-thumbnail","hentry"],"_links":{"self":[{"href":"https:\/\/www.jpime.com\/blog\/wp-json\/wp\/v2\/pages\/98","targetHints":{"allow":["GET"]}}],"collection":[{"href":"https:\/\/www.jpime.com\/blog\/wp-json\/wp\/v2\/pages"}],"about":[{"href":"https:\/\/www.jpime.com\/blog\/wp-json\/wp\/v2\/types\/page"}],"author":[{"embeddable":true,"href":"https:\/\/www.jpime.com\/blog\/wp-json\/wp\/v2\/users\/1"}],"replies":[{"embeddable":true,"href":"https:\/\/www.jpime.com\/blog\/wp-json\/wp\/v2\/comments?post=98"}],"version-history":[{"count":2,"href":"https:\/\/www.jpime.com\/blog\/wp-json\/wp\/v2\/pages\/98\/revisions"}],"predecessor-version":[{"id":100,"href":"https:\/\/www.jpime.com\/blog\/wp-json\/wp\/v2\/pages\/98\/revisions\/100"}],"up":[{"embeddable":true,"href":"https:\/\/www.jpime.com\/blog\/wp-json\/wp\/v2\/pages\/120"}],"wp:featuredmedia":[{"embeddable":true,"href":"https:\/\/www.jpime.com\/blog\/wp-json\/wp\/v2\/media\/101"}],"wp:attachment":[{"href":"https:\/\/www.jpime.com\/blog\/wp-json\/wp\/v2\/media?parent=98"}],"curies":[{"name":"wp","href":"https:\/\/api.w.org\/{rel}","templated":true}]}}