{"id":1429,"date":"2018-01-26T10:15:49","date_gmt":"2018-01-26T09:15:49","guid":{"rendered":"http:\/\/jpime.com\/jp\/?page_id=1429"},"modified":"2024-08-23T17:05:52","modified_gmt":"2024-08-23T16:05:52","slug":"locations","status":"publish","type":"page","link":"https:\/\/www.jpime.com\/jp\/locations\/","title":{"rendered":"Vill\u00e9giatures"},"content":{"rendered":"\n<h2 class=\"wp-block-heading\">Locations \/ r\u00e9servations :<\/h2>\n\n\n<p>Venez profiter d\u2019une vill\u00e9giature agr\u00e9able au coeur du Pays LUCHONNAIS. Reconnu pour ses airs bienfaisants, le plaisir de la randonn\u00e9e, \u00e9t\u00e9 comme hiver, balades en raquettes et glisse sur les pistes de ski \u00e0 proximit\u00e9 des stations de sports d\u2019hiver.<br \/>La station thermale de BAGNERES DE LUCHON vous attend pour une d\u00e9tente bienvenue apr\u00e8s les multiples activit\u00e9s propos\u00e9es par celles-ci.<br \/>De plus les cures thermales sont ouvertes chaque ann\u00e9e, de mars \u00e0 d\u00e9but novembre.<\/p>\n<p>Pour votre h\u00e9bergement, nous vous proposons la location d\u2019un studio situ\u00e9 dans la r\u00e9sidence Jeanne d\u2019Arc, au xxx, all\u00e9es des Bains, pendant toute l\u2019ann\u00e9e, (location Cures Thermales ( 3 semaines), ou quinzaine ( 2 semaines). minimum.<\/p>\n\n\n<p><a href=\"https:\/\/jpime.com\/jp\/locations\/appart-t2\/\" target=\"_blank\" rel=\"noreferrer noopener\">T2 38 m2 &#8211; centre ville de Luchon<\/a><\/p>\n\n\n\n<p><\/p>\n","protected":false},"excerpt":{"rendered":"<p>Locations \/ r\u00e9servations : Venez profiter d\u2019une vill\u00e9giature agr\u00e9able au coeur du Pays LUCHONNAIS. Reconnu pour ses airs bienfaisants, le plaisir de la randonn\u00e9e, \u00e9t\u00e9 &hellip;<\/p>\n","protected":false},"author":1,"featured_media":1434,"parent":0,"menu_order":0,"comment_status":"closed","ping_status":"closed","template":"","meta":{"footnotes":""},"class_list":["post-1429","page","type-page","status-publish","has-post-thumbnail","hentry"],"_links":{"self":[{"href":"https:\/\/www.jpime.com\/jp\/wp-json\/wp\/v2\/pages\/1429","targetHints":{"allow":["GET"]}}],"collection":[{"href":"https:\/\/www.jpime.com\/jp\/wp-json\/wp\/v2\/pages"}],"about":[{"href":"https:\/\/www.jpime.com\/jp\/wp-json\/wp\/v2\/types\/page"}],"author":[{"embeddable":true,"href":"https:\/\/www.jpime.com\/jp\/wp-json\/wp\/v2\/users\/1"}],"replies":[{"embeddable":true,"href":"https:\/\/www.jpime.com\/jp\/wp-json\/wp\/v2\/comments?post=1429"}],"version-history":[{"count":0,"href":"https:\/\/www.jpime.com\/jp\/wp-json\/wp\/v2\/pages\/1429\/revisions"}],"wp:featuredmedia":[{"embeddable":true,"href":"https:\/\/www.jpime.com\/jp\/wp-json\/wp\/v2\/media\/1434"}],"wp:attachment":[{"href":"https:\/\/www.jpime.com\/jp\/wp-json\/wp\/v2\/media?parent=1429"}],"curies":[{"name":"wp","href":"https:\/\/api.w.org\/{rel}","templated":true}]}}