{"id":146,"date":"2016-02-20T15:38:56","date_gmt":"2016-02-20T14:38:56","guid":{"rendered":"http:\/\/jpime.com\/jp\/?page_id=146"},"modified":"2022-01-23T11:00:26","modified_gmt":"2022-01-23T10:00:26","slug":"gallery-2","status":"publish","type":"page","link":"https:\/\/www.jpime.com\/jp\/gallery-2\/","title":{"rendered":"Gallery"},"content":{"rendered":"<h3>Vid\u00e9o du jour :<\/h3>\n<p>Le meeting a\u00e9reen \u00ab\u00a0AIREXPO 2016\u00a0\u00bb \u00e0 Muret-Lherm, Haute-garonne, pr\u00e8s Toulouse, approche avec un vol de d\u00e9monstration de l&rsquo;Airbus A350.<\/p>\n<p>Sur la vid\u00e9o ci-dessous, une d\u00e9monstration de l&rsquo;Airbus A380 lors du m\u00eame meeting en 2012.<\/p>\n<div style=\"width: 788px;\" class=\"wp-video\"><video class=\"wp-video-shortcode\" id=\"video-146-1\" width=\"788\" height=\"576\" autoplay preload=\"metadata\" controls=\"controls\"><source type=\"video\/mp4\" src=\"http:\/\/jpime.com\/jp\/wp-content\/uploads\/2022\/01\/AirExpo-2012.mp4?_=1\" \/><a href=\"http:\/\/jpime.com\/jp\/wp-content\/uploads\/2022\/01\/AirExpo-2012.mp4\">http:\/\/jpime.com\/jp\/wp-content\/uploads\/2022\/01\/AirExpo-2012.mp4<\/a><\/video><\/div>\n<p class=\"hide-if-no-js\">\u00a0Pour d&rsquo;autres images concernant ce meeting, consulter le site :<a href=\"http:\/\/www.jpime.com\/gallery\/pg8b.html\"> http:\/\/www.jpime.com\/gallery\/pg8b.html<\/a><\/p>\n","protected":false},"excerpt":{"rendered":"<p>Vid\u00e9o du jour : Le meeting a\u00e9reen \u00ab\u00a0AIREXPO 2016\u00a0\u00bb \u00e0 Muret-Lherm, Haute-garonne, pr\u00e8s Toulouse, approche avec un vol de d\u00e9monstration de l&rsquo;Airbus A350. Sur la &hellip;<\/p>\n","protected":false},"author":1,"featured_media":518,"parent":0,"menu_order":0,"comment_status":"closed","ping_status":"closed","template":"","meta":{"footnotes":""},"class_list":["post-146","page","type-page","status-publish","has-post-thumbnail","hentry"],"_links":{"self":[{"href":"https:\/\/www.jpime.com\/jp\/wp-json\/wp\/v2\/pages\/146","targetHints":{"allow":["GET"]}}],"collection":[{"href":"https:\/\/www.jpime.com\/jp\/wp-json\/wp\/v2\/pages"}],"about":[{"href":"https:\/\/www.jpime.com\/jp\/wp-json\/wp\/v2\/types\/page"}],"author":[{"embeddable":true,"href":"https:\/\/www.jpime.com\/jp\/wp-json\/wp\/v2\/users\/1"}],"replies":[{"embeddable":true,"href":"https:\/\/www.jpime.com\/jp\/wp-json\/wp\/v2\/comments?post=146"}],"version-history":[{"count":0,"href":"https:\/\/www.jpime.com\/jp\/wp-json\/wp\/v2\/pages\/146\/revisions"}],"wp:featuredmedia":[{"embeddable":true,"href":"https:\/\/www.jpime.com\/jp\/wp-json\/wp\/v2\/media\/518"}],"wp:attachment":[{"href":"https:\/\/www.jpime.com\/jp\/wp-json\/wp\/v2\/media?parent=146"}],"curies":[{"name":"wp","href":"https:\/\/api.w.org\/{rel}","templated":true}]}}