{"id":1469,"date":"2018-01-26T17:20:11","date_gmt":"2018-01-26T16:20:11","guid":{"rendered":"http:\/\/jpime.com\/jp\/?page_id=1469"},"modified":"2024-08-24T14:10:10","modified_gmt":"2024-08-24T13:10:10","slug":"appart-t2","status":"publish","type":"page","link":"https:\/\/www.jpime.com\/jp\/locations\/appart-t2\/","title":{"rendered":"Appart T2"},"content":{"rendered":"\t\t<div data-elementor-type=\"wp-page\" data-elementor-id=\"1469\" class=\"elementor elementor-1469\">\n\t\t\t\t\t\t<section class=\"elementor-section elementor-top-section elementor-element elementor-element-4d63ce39 elementor-section-boxed elementor-section-height-default elementor-section-height-default wpr-particle-no wpr-jarallax-no wpr-parallax-no wpr-sticky-section-no\" data-id=\"4d63ce39\" data-element_type=\"section\" data-e-type=\"section\">\n\t\t\t\t\t\t<div class=\"elementor-container elementor-column-gap-default\">\n\t\t\t\t\t<div class=\"elementor-column elementor-col-100 elementor-top-column elementor-element elementor-element-4e2e1120\" data-id=\"4e2e1120\" data-element_type=\"column\" data-e-type=\"column\">\n\t\t\t<div class=\"elementor-widget-wrap elementor-element-populated\">\n\t\t\t\t\t\t<div class=\"elementor-element elementor-element-7c105252 elementor-widget elementor-widget-text-editor\" data-id=\"7c105252\" data-element_type=\"widget\" data-e-type=\"widget\" data-widget_type=\"text-editor.default\">\n\t\t\t\t<div class=\"elementor-widget-container\">\n\t\t\t\t\t\t\t\t\t<p>\u00a0<\/p>\n<h3>Vill\u00e9giature au coeur des Pyr\u00e9n\u00e9es :<\/h3>\n<h4>(de particulier \u00e0 particulier)<\/h4>\n<h4>Location d&rsquo;un appart T2<\/h4>\n<p>Venez profiter d\u2019une vill\u00e9giature agr\u00e9able au c\u0153ur du Pays LUCHONNAIS. Reconnu pour ses airs bienfaisants, le plaisir de la randonn\u00e9e, \u00e9t\u00e9 comme hiver, balades en raquettes et glisse sur les pistes de ski \u00e0 proximit\u00e9 des stations de sports d\u2019hiver.<br \/>La station thermale de BAGNERES DE LUCHON vous attend pour une d\u00e9tente bienvenue apr\u00e8s les multiples activit\u00e9s propos\u00e9es par celles-ci.<br \/>De plus les cures thermales sont ouvertes chaque ann\u00e9e, de mars \u00e0 d\u00e9but novembre.<\/p>\n<p style=\"text-align: center;\">[wowslider id=\u00a0\u00bb19&Prime;]<\/p>\n<p>\u00a0<\/p>\n<p>\u00a0<\/p>\n<p style=\"text-align: center;\"><strong>Description :<\/strong><br \/>\u00c0 louer studio, de 38 m2, situ\u00e9 au 2\u00e8me \u00e9tage d\u2019une r\u00e9sidence aux pieds des THERMAS et all\u00e9es d\u2019Etigny, proche du centre de BAGNERES DE LUCHON et de toutes commodit\u00e9s, t\u00e9l\u00e9cabines, commerces, cin\u00e9mas,etc. Centre ville accessible \u00e0 pieds.<\/p>\n<p style=\"text-align: center;\">Couchages :<br \/>\u2013 1 lit 140 pour un couple.<br \/>\u2013 Canap\u00e9 convertible pour un couchage supl\u00e9mentaire (1 enfants)<\/p>\n<p style=\"text-align: center;\">Appartement lumineux donnant sur les all\u00e9es des Bains avec 1 balcons avec vue sur la montagne.<br \/>Cuisine et Salle de Bain \u00e9quip\u00e9es de mani\u00e8re standard.<br \/>Box \u00e0 Ski ou divers au Sous Sol.<\/p>\n<p style=\"text-align: center;\">Tarifs :<br \/>\u2013 Toute Saison : 230 \u20ac\/ semaine<br \/>\u2013 Forfaits Cures : pendant toute l\u2019ann\u00e9e, 520 \u20ac\/ les 3 semaines.<\/p>\n<p>[ms_row]<br \/>[ms_column style=\u00a0\u00bb1\/1&Prime; align=\u00a0\u00bbcenter\u00a0\u00bb class=\u00a0\u00bb\u00a0\u00bb id=\u00a0\u00bb\u00a0\u00bb] G\u00e9olocalisation \u00e0 Bagn\u00e8res-de-Luchon :<\/p>\n<p><iframe style=\"border: 0;\" src=\"https:\/\/www.google.com\/maps\/embed?pb=!1m18!1m12!1m3!1d2928.119791229753!2d0.5943159153731051!3d42.78581737916053!2m3!1f0!2f0!3f0!3m2!1i1024!2i768!4f13.1!3m3!1m2!1s0x12a861f8ccedb77b%3A0xcae4578db2328435!2sAll%C3%A9e+des+Bains%2C+31110+Bagn%C3%A8res-de-Luchon!5e0!3m2!1sfr!2sfr!4v1515859503856\" width=\"700\" height=\"500\" frameborder=\"0\" allowfullscreen=\"allowfullscreen\"><\/iframe><\/p>\n<p>Si vous souhaitez faire une r\u00e9servation, veuillez nous faire conna\u00eetre la p\u00e9riode souhait\u00e9e pour la location. Nous vous transmettrons, par e-mail ou courrier, le contrat ainsi que le descriptif de la location.<\/p>\n<p>Contact : +33 6 99 45 65 69<\/p>\n<p>\u00a0<\/p>\n\t\t\t\t\t\t\t\t<\/div>\n\t\t\t\t<\/div>\n\t\t\t\t\t<\/div>\n\t\t<\/div>\n\t\t\t\t\t<\/div>\n\t\t<\/section>\n\t\t\t\t<\/div>\n\t\t","protected":false},"excerpt":{"rendered":"<p>\u00a0 Vill\u00e9giature au coeur des Pyr\u00e9n\u00e9es : (de particulier \u00e0 particulier) Location d&rsquo;un appart T2 Venez profiter d\u2019une vill\u00e9giature agr\u00e9able au c\u0153ur du Pays LUCHONNAIS. &hellip;<\/p>\n","protected":false},"author":1,"featured_media":1445,"parent":1429,"menu_order":1,"comment_status":"closed","ping_status":"closed","template":"","meta":{"footnotes":""},"class_list":["post-1469","page","type-page","status-publish","has-post-thumbnail","hentry"],"_links":{"self":[{"href":"https:\/\/www.jpime.com\/jp\/wp-json\/wp\/v2\/pages\/1469","targetHints":{"allow":["GET"]}}],"collection":[{"href":"https:\/\/www.jpime.com\/jp\/wp-json\/wp\/v2\/pages"}],"about":[{"href":"https:\/\/www.jpime.com\/jp\/wp-json\/wp\/v2\/types\/page"}],"author":[{"embeddable":true,"href":"https:\/\/www.jpime.com\/jp\/wp-json\/wp\/v2\/users\/1"}],"replies":[{"embeddable":true,"href":"https:\/\/www.jpime.com\/jp\/wp-json\/wp\/v2\/comments?post=1469"}],"version-history":[{"count":0,"href":"https:\/\/www.jpime.com\/jp\/wp-json\/wp\/v2\/pages\/1469\/revisions"}],"up":[{"embeddable":true,"href":"https:\/\/www.jpime.com\/jp\/wp-json\/wp\/v2\/pages\/1429"}],"wp:featuredmedia":[{"embeddable":true,"href":"https:\/\/www.jpime.com\/jp\/wp-json\/wp\/v2\/media\/1445"}],"wp:attachment":[{"href":"https:\/\/www.jpime.com\/jp\/wp-json\/wp\/v2\/media?parent=1469"}],"curies":[{"name":"wp","href":"https:\/\/api.w.org\/{rel}","templated":true}]}}