{"id":471,"date":"2016-05-25T20:27:09","date_gmt":"2016-05-25T19:27:09","guid":{"rendered":"http:\/\/jpime.com\/jp\/?page_id=471"},"modified":"2025-01-15T15:46:29","modified_gmt":"2025-01-15T14:46:29","slug":"meeting-aereen","status":"publish","type":"page","link":"https:\/\/www.jpime.com\/jp\/gallery-2\/meeting-aereen\/","title":{"rendered":"Meeting a\u00e9rien"},"content":{"rendered":"<h1>AirExpo 2016 &#8211; A\u00e9rodrome de Muret-Lherm<\/h1>\n<p>Airexpo est un meeting a\u00e9rien qui a lieu, tous les ans, si la m\u00e9teo le permet, depuis 1987 sur l&rsquo;a\u00e9rodrome de Muret-Lherm, pr\u00e8s Toulouse. Airexpo est en effet organis\u00e9 par une collaboration par d&rsquo;\u00e9l\u00e8ves-ing\u00e9nieurs en premi\u00e8re ann\u00e9e issus de l\u2019ENAC (\u00c9cole Nationale de l\u2019Aviation Civile) et de l&rsquo;ISAE-SUPAERO (Institut Sup\u00e9rieur de l\u2019A\u00e9ronautique et de l\u2019Espace). Airexpo est la 3e plus importante manifestation a\u00e9rienne de France, apr\u00e8s le Salon international de l\u2019a\u00e9ronautique et de l\u2019espace et la f\u00eate a\u00e9rienne de La Fert\u00e9-Alais. (pour plus d&rsquo;infos, consulter le site Wikip\u00e9dia)<\/p>\n<p>[wowslider id=\u00a0\u00bb10&Prime;]<br \/>\n&nbsp;<br \/>\n&nbsp;<br \/>\n&nbsp;<br \/>\n&nbsp;<br \/>\n&nbsp;<br \/>\n&nbsp;<br \/>\n&nbsp;<br \/>\n&nbsp;<br \/>\n&nbsp;<br \/>\n&nbsp;<br \/>\n&nbsp;<\/p>\n<p>Pour d&rsquo;autres images concernant ce meeting, consulter le site :<a href=\"http:\/\/www.jpime.com\/gallery\/pg8b.html\"> http:\/\/www.jpime.com\/gallery\/pg8b.html<\/a><\/p>\n","protected":false},"excerpt":{"rendered":"<p>AirExpo 2016 &#8211; A\u00e9rodrome de Muret-Lherm Airexpo est un meeting a\u00e9rien qui a lieu, tous les ans, si la m\u00e9teo le permet, depuis 1987 sur &hellip;<\/p>\n","protected":false},"author":1,"featured_media":485,"parent":146,"menu_order":1,"comment_status":"open","ping_status":"open","template":"","meta":{"footnotes":""},"class_list":["post-471","page","type-page","status-publish","has-post-thumbnail","hentry"],"_links":{"self":[{"href":"https:\/\/www.jpime.com\/jp\/wp-json\/wp\/v2\/pages\/471","targetHints":{"allow":["GET"]}}],"collection":[{"href":"https:\/\/www.jpime.com\/jp\/wp-json\/wp\/v2\/pages"}],"about":[{"href":"https:\/\/www.jpime.com\/jp\/wp-json\/wp\/v2\/types\/page"}],"author":[{"embeddable":true,"href":"https:\/\/www.jpime.com\/jp\/wp-json\/wp\/v2\/users\/1"}],"replies":[{"embeddable":true,"href":"https:\/\/www.jpime.com\/jp\/wp-json\/wp\/v2\/comments?post=471"}],"version-history":[{"count":0,"href":"https:\/\/www.jpime.com\/jp\/wp-json\/wp\/v2\/pages\/471\/revisions"}],"up":[{"embeddable":true,"href":"https:\/\/www.jpime.com\/jp\/wp-json\/wp\/v2\/pages\/146"}],"wp:featuredmedia":[{"embeddable":true,"href":"https:\/\/www.jpime.com\/jp\/wp-json\/wp\/v2\/media\/485"}],"wp:attachment":[{"href":"https:\/\/www.jpime.com\/jp\/wp-json\/wp\/v2\/media?parent=471"}],"curies":[{"name":"wp","href":"https:\/\/api.w.org\/{rel}","templated":true}]}}