{"id":52,"date":"2016-02-19T10:22:59","date_gmt":"2016-02-19T09:22:59","guid":{"rendered":"http:\/\/jpime.com\/jp\/?page_id=52"},"modified":"2017-08-11T23:02:53","modified_gmt":"2017-08-11T22:02:53","slug":"a-propos-2","status":"publish","type":"page","link":"https:\/\/www.jpime.com\/jp\/a-propos-2\/","title":{"rendered":"A propos"},"content":{"rendered":"<p class=\"hide-if-no-js\"><strong>Une apres midi de peche. Foz do Douro &#8211; Porto.<\/strong><\/p>\n<p class=\"hide-if-no-js\"><a id=\"set-post-thumbnail\" class=\"thickbox\" title=\"Mettre une image \u00e0 la Une\" href=\"http:\/\/jpime.com\/jp\/wp-admin\/media-upload.php?post_id=52&amp;type=image&amp;TB_iframe=1\"><img decoding=\"async\" class=\"attachment-266x266 size-266x266\" src=\"http:\/\/jpime.com\/jp\/wp-content\/uploads\/2016\/02\/Porto-768x298.jpg\" sizes=\"(max-width: 266px) 100vw, 266px\" srcset=\"http:\/\/jpime.com\/jp\/wp-content\/uploads\/2016\/02\/Porto-768x298.jpg 768w, http:\/\/jpime.com\/jp\/wp-content\/uploads\/2016\/02\/Porto-1024x398.jpg 1024w\" alt=\"Um moment de p\u00eache. Foz do Douro - Porto\" width=\"266\" height=\"103\" \/><\/a><\/p>\n<blockquote><p>Bienvennue !\u00a0 Amateur de belles images, photo, video, j&rsquo;en collecte au fur et mesures de mes d\u00e9placements. Je profite de ce site pour afficher quelques unes en fonction de mes possibilit\u00e9s et disponibilit\u00e9. Il comporte un module blog afin de commenter quelques articles relev\u00e9s dans l&rsquo;actualit\u00e9, type revue de presse, qui peuvent m\u00e9riter discussion. J&rsquo;habite \u00e0 Toulouse, ville que j&rsquo;aime, tourn\u00e9e vers le futur, avec un volet de son \u00e9conomie ax\u00e9e sur les nouvelles\u00a0 technologies. Aussi, r\u00e9gion du cassoulet et du bon vin. Pour d\u00e9compresser, nous avons les Pyrenees pour \u00ab\u00a0respirer\u00a0\u00bb d&rsquo;autres airs, et voir la neige tomber!.<br \/>\nCe site n&rsquo;a aucune vocation commerciale. Il ne s&rsquo;agit que d&rsquo;un simple site de partage. c&rsquo;est un \u00ab\u00a0OBI\u00a0\u00bb qui sort de mon cadre professionnel, m\u00eame si mon activit\u00e9 s&rsquo;exerce dans le domaine de projets informatiques, cr\u00e9ation et d\u00e9veloppement de PME,PMI,&#8230;<\/p><\/blockquote>\n<p>Ce site\/blog, n&rsquo;est qu&rsquo;un sous-domaine du site \u00ab\u00a0<a href=\"http:\/\/www.jpime.com\" target=\"_blank\">http:\/\/www.jpime.com<\/a>\u00a0\u00bb que vous pouvez consulter \u00e0 l&rsquo;occasion. Bonne visite.<\/p><\/blockquote>\n","protected":false},"excerpt":{"rendered":"<p>Une apres midi de peche. Foz do Douro &#8211; Porto. Bienvennue !\u00a0 Amateur de belles images, photo, video, j&rsquo;en collecte au fur et mesures de &hellip;<\/p>\n","protected":false},"author":1,"featured_media":112,"parent":0,"menu_order":3,"comment_status":"closed","ping_status":"closed","template":"","meta":{"footnotes":""},"class_list":["post-52","page","type-page","status-publish","has-post-thumbnail","hentry"],"_links":{"self":[{"href":"https:\/\/www.jpime.com\/jp\/wp-json\/wp\/v2\/pages\/52","targetHints":{"allow":["GET"]}}],"collection":[{"href":"https:\/\/www.jpime.com\/jp\/wp-json\/wp\/v2\/pages"}],"about":[{"href":"https:\/\/www.jpime.com\/jp\/wp-json\/wp\/v2\/types\/page"}],"author":[{"embeddable":true,"href":"https:\/\/www.jpime.com\/jp\/wp-json\/wp\/v2\/users\/1"}],"replies":[{"embeddable":true,"href":"https:\/\/www.jpime.com\/jp\/wp-json\/wp\/v2\/comments?post=52"}],"version-history":[{"count":0,"href":"https:\/\/www.jpime.com\/jp\/wp-json\/wp\/v2\/pages\/52\/revisions"}],"wp:featuredmedia":[{"embeddable":true,"href":"https:\/\/www.jpime.com\/jp\/wp-json\/wp\/v2\/media\/112"}],"wp:attachment":[{"href":"https:\/\/www.jpime.com\/jp\/wp-json\/wp\/v2\/media?parent=52"}],"curies":[{"name":"wp","href":"https:\/\/api.w.org\/{rel}","templated":true}]}}