{"id":4095,"date":"2020-05-08T17:26:03","date_gmt":"2020-05-08T15:26:03","guid":{"rendered":"https:\/\/www.jpime.com\/luchon\/?page_id=4095"},"modified":"2022-09-30T18:23:46","modified_gmt":"2022-09-30T16:23:46","slug":"municipales-2020","status":"publish","type":"page","link":"https:\/\/www.jpime.com\/luchon\/luchon\/municipales-2020\/","title":{"rendered":"Municipales 2020"},"content":{"rendered":"\t\t<div data-elementor-type=\"wp-page\" data-elementor-id=\"4095\" class=\"elementor elementor-4095\">\n\t\t\t\t\t\t<section class=\"elementor-section elementor-top-section elementor-element elementor-element-f5b9417 elementor-section-boxed elementor-section-height-default elementor-section-height-default wpr-particle-no wpr-jarallax-no wpr-parallax-no wpr-sticky-section-no\" data-id=\"f5b9417\" data-element_type=\"section\" data-e-type=\"section\">\n\t\t\t\t\t\t<div class=\"elementor-container elementor-column-gap-default\">\n\t\t\t\t\t<div class=\"elementor-column elementor-col-100 elementor-top-column elementor-element elementor-element-7891000\" data-id=\"7891000\" data-element_type=\"column\" data-e-type=\"column\">\n\t\t\t<div class=\"elementor-widget-wrap\">\n\t\t\t\t\t\t\t<\/div>\n\t\t<\/div>\n\t\t\t\t\t<\/div>\n\t\t<\/section>\n\t\t\t\t<section class=\"elementor-section elementor-top-section elementor-element elementor-element-b5b6626 elementor-section-boxed elementor-section-height-default elementor-section-height-default wpr-particle-no wpr-jarallax-no wpr-parallax-no wpr-sticky-section-no\" data-id=\"b5b6626\" data-element_type=\"section\" data-e-type=\"section\">\n\t\t\t\t\t\t<div class=\"elementor-container elementor-column-gap-default\">\n\t\t\t\t\t<div class=\"elementor-column elementor-col-100 elementor-top-column elementor-element elementor-element-aeccd9c elementor-invisible\" data-id=\"aeccd9c\" data-element_type=\"column\" data-e-type=\"column\" data-settings=\"{&quot;background_background&quot;:&quot;classic&quot;,&quot;animation&quot;:&quot;fadeInUp&quot;}\">\n\t\t\t<div class=\"elementor-widget-wrap elementor-element-populated\">\n\t\t\t\t\t\t<div class=\"elementor-element elementor-element-2532ca9 elementor-widget elementor-widget-image\" data-id=\"2532ca9\" data-element_type=\"widget\" data-e-type=\"widget\" data-widget_type=\"image.default\">\n\t\t\t\t<div class=\"elementor-widget-container\">\n\t\t\t\t\t\t\t\t\t\t\t\t\t\t\t<img fetchpriority=\"high\" decoding=\"async\" width=\"1000\" height=\"668\" src=\"https:\/\/www.jpime.com\/luchon\/wp-content\/uploads\/2019\/06\/DSC_4890.jpg\" class=\"attachment-large size-large wp-image-3090\" alt=\"\" srcset=\"https:\/\/www.jpime.com\/luchon\/wp-content\/uploads\/2019\/06\/DSC_4890.jpg 1000w, https:\/\/www.jpime.com\/luchon\/wp-content\/uploads\/2019\/06\/DSC_4890-300x200.jpg 300w, https:\/\/www.jpime.com\/luchon\/wp-content\/uploads\/2019\/06\/DSC_4890-768x513.jpg 768w\" sizes=\"(max-width: 1000px) 100vw, 1000px\" \/>\t\t\t\t\t\t\t\t\t\t\t\t\t\t\t<\/div>\n\t\t\t\t<\/div>\n\t\t\t\t\t<\/div>\n\t\t<\/div>\n\t\t\t\t\t<\/div>\n\t\t<\/section>\n\t\t\t\t<section class=\"elementor-section elementor-top-section elementor-element elementor-element-71ff6fc elementor-section-boxed elementor-section-height-default elementor-section-height-default wpr-particle-no wpr-jarallax-no wpr-parallax-no wpr-sticky-section-no\" data-id=\"71ff6fc\" data-element_type=\"section\" data-e-type=\"section\">\n\t\t\t\t\t\t<div class=\"elementor-container elementor-column-gap-default\">\n\t\t\t\t\t<div class=\"elementor-column elementor-col-100 elementor-top-column elementor-element elementor-element-db77367\" data-id=\"db77367\" data-element_type=\"column\" data-e-type=\"column\">\n\t\t\t<div class=\"elementor-widget-wrap elementor-element-populated\">\n\t\t\t\t\t\t<div class=\"elementor-element elementor-element-3bd9262 elementor-widget elementor-widget-spacer\" data-id=\"3bd9262\" data-element_type=\"widget\" data-e-type=\"widget\" data-widget_type=\"spacer.default\">\n\t\t\t\t<div class=\"elementor-widget-container\">\n\t\t\t\t\t\t\t<div class=\"elementor-spacer\">\n\t\t\t<div class=\"elementor-spacer-inner\"><\/div>\n\t\t<\/div>\n\t\t\t\t\t\t<\/div>\n\t\t\t\t<\/div>\n\t\t\t\t\t<\/div>\n\t\t<\/div>\n\t\t\t\t\t<\/div>\n\t\t<\/section>\n\t\t\t\t<section class=\"elementor-section elementor-top-section elementor-element elementor-element-ff76c7c elementor-section-boxed elementor-section-height-default elementor-section-height-default wpr-particle-no wpr-jarallax-no wpr-parallax-no wpr-sticky-section-no\" data-id=\"ff76c7c\" data-element_type=\"section\" data-e-type=\"section\">\n\t\t\t\t\t\t<div class=\"elementor-container elementor-column-gap-default\">\n\t\t\t\t\t<div class=\"elementor-column elementor-col-100 elementor-top-column elementor-element elementor-element-e9d5be9\" data-id=\"e9d5be9\" data-element_type=\"column\" data-e-type=\"column\">\n\t\t\t<div class=\"elementor-widget-wrap elementor-element-populated\">\n\t\t\t\t\t\t<div class=\"elementor-element elementor-element-f203e4f elementor-widget elementor-widget-text-editor\" data-id=\"f203e4f\" data-element_type=\"widget\" data-e-type=\"widget\" data-widget_type=\"text-editor.default\">\n\t\t\t\t<div class=\"elementor-widget-container\">\n\t\t\t\t\t\t\t\t\t<p>Felicitations \u00e0 la liste pr\u00e9sent\u00e9e par Mr Eric AZEMAR, nouveau maire, \u00e9lue au premier tour. Notre nouveau maire devra relever d&rsquo;\u00e9normes challenges en termes de projets afin de r\u00e9habiliter la vie \u00e9conomique de cette ville, tels que les dossiers des Thermes, Piscines, Casino, liaisons Montr\u00e9jeau Luchon, etc.afin de cr\u00e9er les synergies n\u00e9cassaires au d\u00e9veloppement harmonieux de notre jolie ville !<\/p><p>Actuellement, du \u00e0 la situation sanitaire la passasion des pouvoirs est en attente. Esp\u00e9rons que cette situation evolue vite !<\/p>\t\t\t\t\t\t\t\t<\/div>\n\t\t\t\t<\/div>\n\t\t\t\t\t<\/div>\n\t\t<\/div>\n\t\t\t\t\t<\/div>\n\t\t<\/section>\n\t\t\t\t<section class=\"elementor-section elementor-top-section elementor-element elementor-element-961128d elementor-section-boxed elementor-section-height-default elementor-section-height-default wpr-particle-no wpr-jarallax-no wpr-parallax-no wpr-sticky-section-no\" data-id=\"961128d\" data-element_type=\"section\" data-e-type=\"section\">\n\t\t\t\t\t\t<div class=\"elementor-container elementor-column-gap-default\">\n\t\t\t\t\t<div class=\"elementor-column elementor-col-100 elementor-top-column elementor-element elementor-element-b1ec93e\" data-id=\"b1ec93e\" data-element_type=\"column\" data-e-type=\"column\">\n\t\t\t<div class=\"elementor-widget-wrap elementor-element-populated\">\n\t\t\t\t\t\t<div class=\"elementor-element elementor-element-3ae8d73 elementor-widget elementor-widget-spacer\" data-id=\"3ae8d73\" data-element_type=\"widget\" data-e-type=\"widget\" data-widget_type=\"spacer.default\">\n\t\t\t\t<div class=\"elementor-widget-container\">\n\t\t\t\t\t\t\t<div class=\"elementor-spacer\">\n\t\t\t<div class=\"elementor-spacer-inner\"><\/div>\n\t\t<\/div>\n\t\t\t\t\t\t<\/div>\n\t\t\t\t<\/div>\n\t\t\t\t\t<\/div>\n\t\t<\/div>\n\t\t\t\t\t<\/div>\n\t\t<\/section>\n\t\t\t\t<section class=\"elementor-section elementor-top-section elementor-element elementor-element-6302c5d elementor-section-boxed elementor-section-height-default elementor-section-height-default wpr-particle-no wpr-jarallax-no wpr-parallax-no wpr-sticky-section-no\" data-id=\"6302c5d\" data-element_type=\"section\" data-e-type=\"section\">\n\t\t\t\t\t\t<div class=\"elementor-container elementor-column-gap-default\">\n\t\t\t\t\t<div class=\"elementor-column elementor-col-100 elementor-top-column elementor-element elementor-element-c106df4\" data-id=\"c106df4\" data-element_type=\"column\" data-e-type=\"column\">\n\t\t\t<div class=\"elementor-widget-wrap elementor-element-populated\">\n\t\t\t\t\t\t<div class=\"elementor-element elementor-element-150e78b elementor-widget elementor-widget-image\" data-id=\"150e78b\" data-element_type=\"widget\" data-e-type=\"widget\" data-widget_type=\"image.default\">\n\t\t\t\t<div class=\"elementor-widget-container\">\n\t\t\t\t\t\t\t\t\t\t\t\t\t\t\t<img decoding=\"async\" width=\"1024\" height=\"702\" src=\"https:\/\/www.jpime.com\/luchon\/wp-content\/uploads\/2020\/05\/Maire-Luchon1-1024x702.jpg\" class=\"attachment-large size-large wp-image-4094\" alt=\"\" srcset=\"https:\/\/www.jpime.com\/luchon\/wp-content\/uploads\/2020\/05\/Maire-Luchon1-1024x702.jpg 1024w, https:\/\/www.jpime.com\/luchon\/wp-content\/uploads\/2020\/05\/Maire-Luchon1-300x206.jpg 300w, https:\/\/www.jpime.com\/luchon\/wp-content\/uploads\/2020\/05\/Maire-Luchon1-768x527.jpg 768w, https:\/\/www.jpime.com\/luchon\/wp-content\/uploads\/2020\/05\/Maire-Luchon1.jpg 1245w\" sizes=\"(max-width: 1024px) 100vw, 1024px\" \/>\t\t\t\t\t\t\t\t\t\t\t\t\t\t\t<\/div>\n\t\t\t\t<\/div>\n\t\t\t\t\t<\/div>\n\t\t<\/div>\n\t\t\t\t\t<\/div>\n\t\t<\/section>\n\t\t\t\t<\/div>\n\t\t","protected":false},"excerpt":{"rendered":"<p>Felicitations \u00e0 la liste pr\u00e9sent\u00e9e par Mr Eric AZEMAR, nouveau maire, \u00e9lue au premier tour. Notre nouveau maire devra relever d&rsquo;\u00e9normes challenges en termes de projets afin de r\u00e9habiliter la vie \u00e9conomique de cette ville, tels que les dossiers des Thermes, Piscines, Casino, liaisons Montr\u00e9jeau Luchon, etc.afin de cr\u00e9er les synergies n\u00e9cassaires au d\u00e9veloppement harmonieux de notre jolie ville ! Actuellement, du \u00e0 la situation sanitaire la passasion des pouvoirs est en attente. Esp\u00e9rons que cette situation evolue vite !<\/p>\n","protected":false},"author":1,"featured_media":0,"parent":58,"menu_order":3,"comment_status":"closed","ping_status":"closed","template":"","meta":{"footnotes":""},"class_list":["post-4095","page","type-page","status-publish","hentry"],"_links":{"self":[{"href":"https:\/\/www.jpime.com\/luchon\/wp-json\/wp\/v2\/pages\/4095","targetHints":{"allow":["GET"]}}],"collection":[{"href":"https:\/\/www.jpime.com\/luchon\/wp-json\/wp\/v2\/pages"}],"about":[{"href":"https:\/\/www.jpime.com\/luchon\/wp-json\/wp\/v2\/types\/page"}],"author":[{"embeddable":true,"href":"https:\/\/www.jpime.com\/luchon\/wp-json\/wp\/v2\/users\/1"}],"replies":[{"embeddable":true,"href":"https:\/\/www.jpime.com\/luchon\/wp-json\/wp\/v2\/comments?post=4095"}],"version-history":[{"count":20,"href":"https:\/\/www.jpime.com\/luchon\/wp-json\/wp\/v2\/pages\/4095\/revisions"}],"predecessor-version":[{"id":5951,"href":"https:\/\/www.jpime.com\/luchon\/wp-json\/wp\/v2\/pages\/4095\/revisions\/5951"}],"up":[{"embeddable":true,"href":"https:\/\/www.jpime.com\/luchon\/wp-json\/wp\/v2\/pages\/58"}],"wp:attachment":[{"href":"https:\/\/www.jpime.com\/luchon\/wp-json\/wp\/v2\/media?parent=4095"}],"curies":[{"name":"wp","href":"https:\/\/api.w.org\/{rel}","templated":true}]}}